{"id":790,"date":"2014-03-09T01:49:21","date_gmt":"2014-03-09T01:49:21","guid":{"rendered":"http:\/\/www.wierszowisko.com\/?page_id=790"},"modified":"2026-03-02T00:15:48","modified_gmt":"2026-03-02T00:15:48","slug":"organizatorzy","status":"publish","type":"page","link":"https:\/\/www.wierszowisko.com\/?page_id=790","title":{"rendered":"Organizatorzy"},"content":{"rendered":"<h2><strong>Forum Pol\u00adskich Szk\u00f3\u0142 w Holan\u00addii<\/strong><\/h2>\n<p>Koordynacja organizacji Wierszowiska jest w r\u0119kach zarz\u0105du <a href=\"http:\/\/www.fpsn.nl\/pl\/zarzad\" target=\"_blank\" rel=\"noopener noreferrer\">Forum Polskich Szk\u00f3\u0142 w Holandii.<\/a><\/p>\n<p><img loading=\"lazy\" class=\"wp-image-791\" title=\"Logo FPSN\" src=\"https:\/\/i0.wp.com\/www.wierszowisko.com\/wp-content\/uploads\/2014\/03\/logo-copy-300x210.jpg?resize=126%2C88\" alt=\"Logo FPSN\" width=\"126\" height=\"88\" srcset=\"https:\/\/i0.wp.com\/www.wierszowisko.com\/wp-content\/uploads\/2014\/03\/logo-copy.jpg?resize=300%2C210&amp;ssl=1 300w, https:\/\/i0.wp.com\/www.wierszowisko.com\/wp-content\/uploads\/2014\/03\/logo-copy.jpg?resize=1024%2C718&amp;ssl=1 1024w, https:\/\/i0.wp.com\/www.wierszowisko.com\/wp-content\/uploads\/2014\/03\/logo-copy.jpg?w=1275&amp;ssl=1 1275w\" sizes=\"(max-width: 126px) 100vw, 126px\" data-recalc-dims=\"1\" \/><a href=\"https:\/\/www.wierszowisko.com\/?attachment_id=5014\" rel=\"attachment wp-att-5014\"><img loading=\"lazy\" class=\"wp-image-5014 alignnone\" src=\"https:\/\/i0.wp.com\/www.wierszowisko.com\/wp-content\/uploads\/logo-forum-polskich-szkol.png?resize=184%2C89&#038;ssl=1\" alt=\"\" width=\"184\" height=\"89\" srcset=\"https:\/\/i0.wp.com\/www.wierszowisko.com\/wp-content\/uploads\/logo-forum-polskich-szkol.png?w=230&amp;ssl=1 230w, https:\/\/i0.wp.com\/www.wierszowisko.com\/wp-content\/uploads\/logo-forum-polskich-szkol.png?resize=150%2C72&amp;ssl=1 150w\" sizes=\"(max-width: 184px) 100vw, 184px\" data-recalc-dims=\"1\" \/><\/a><\/p>\n<p>Kontakt: <a href=\"mailto:info@wierszowisko.com\" target=\"_blank\" rel=\"noopener noreferrer\">info@wierszowisko.com<\/a><br \/>\nDla sponsor\u00f3w: <a href=\"mailto:reklama@wierszowisko.com\" target=\"_blank\" rel=\"noopener noreferrer\">reklama@wierszowisko.com<\/a><br \/>\n&nbsp;<br \/>\nW dniu 30 wrze\u015bnia 1995 roku powsta\u0142a orga\u00adni\u00adza\u00adcja pod nazw\u0105 <strong>Forum Pol\u00adskich Szk\u00f3\u0142 w Holan\u00addii<\/strong>.<\/p>\n<p>Celem sto\u00adwa\u00adrzy\u00adsze\u00adnia jest pie\u00adl\u0119\u00adgno\u00adwa\u00adnie i krze\u00adwie\u00adnie j\u0119zyka, kul\u00adtury i&nbsp;tra\u00addy\u00adcji pol\u00adskich, g\u0142\u00f3w\u00adnie poprzez dydak\u00adtyczne i orga\u00adni\u00adza\u00adcyjne wspie\u00adra\u00adnie pol\u00adskich szk\u00f3\u0142 dzia\u00ad\u0142a\u00adj\u0105\u00adcych na tere\u00adnie Holandii.<\/p>\n<p>Forum Pol\u00adskich Szk\u00f3\u0142 orga\u00adni\u00adzuje szko\u00adle\u00adnia dla nauczy\u00adcieli ucz\u0105\u00adcych j\u0119zyka pol\u00adskiego, pomaga w&nbsp;wybo\u00adrze mate\u00adria\u00ad\u0142\u00f3w dydak\u00adtycz\u00adnych wyda\u00adwa\u00adnych w&nbsp;Polsce.<\/p>\n<p>Jed\u00adnym z&nbsp;naj\u00adwa\u017c\u00adniej\u00adszych zada\u0144, jakie sta\u00adwia przed&nbsp;sob\u0105 Forum, jest inte\u00adgra\u00adcja \u015brodo\u00adwi\u00adska szk\u00f3\u0142 pol\u00adskich dzia\u00ad\u0142a\u00adj\u0105\u00adcych na&nbsp;tere\u00adnie Niderland\u00f3w. Orga\u00adni\u00adzo\u00adwane s\u0105 imprezy kul\u00adtu\u00adralne dla dzieci i&nbsp;m\u0142o\u00addzie\u017cy, maj\u0105ce na&nbsp;celu pie\u00adl\u0119\u00adgno\u00adwa\u00adnie i&nbsp;upo\u00adwszech\u00adnia\u00adnie boga\u00adtej pol\u00adskiej kultury.<\/p>\n<p>Sto\u00adwa\u00adrzy\u00adsze\u00adnie Forum Pol\u00adskich Szk\u00f3\u0142 w&nbsp;Holan\u00addii jest otwarte dla wszyst\u00adkich zain\u00adte\u00adre\u00adso\u00adwa\u00adnych i&nbsp;czu\u00adj\u0105\u00adcych wi\u0119\u017a z&nbsp;j\u0119zy\u00adkiem, kul\u00adtur\u0105 i&nbsp;tra\u00addy\u00adcj\u0105&nbsp;polsk\u0105.<\/p>\n<p>Cz\u0142on\u00adkami zwy\u00adczaj\u00adnymi Forum s\u0105 pol\u00adskie szko\u0142y sobot\u00adnie, kt\u00f3re posia\u00addaj\u0105 sw\u00f3j indy\u00adwi\u00addu\u00adalny model orga\u00adni\u00adza\u00adcyjny, zale\u017cny od&nbsp;woli zarz\u0105du szko\u0142y i&nbsp;oparty na&nbsp;zasa\u00addzie posza\u00adno\u00adwa\u00adnia r\u00f3\u017c\u00adno\u00adrod\u00adno\u00ad\u015bci prze\u00adko\u00adna\u0144 poli\u00adtycz\u00adnych i&nbsp;religijnych. Osoby indy\u00adwi\u00addu\u00adalne pra\u00adgn\u0105ce przy\u00adst\u0105\u00adpi\u0107 do&nbsp;Forum Pol\u00adskich Szk\u00f3\u0142 otrzy\u00admuj\u0105 sta\u00adtus cz\u0142onka sym\u00adpa\u00adtyka z&nbsp;g\u0142o\u00adsem doradczym.<\/p>\n<p>Maj\u0105c na&nbsp;wzgl\u0119\u00addzie przy\u00adja\u00adzne sto\u00adsunki \u0142\u0105cz\u0105ce Pola\u00adk\u00f3w i&nbsp;Holen\u00addr\u00f3w, Sto\u00adwa\u00adrzy\u00adsze\u00adnie wspiera dzia\u00ad\u0142a\u00adnia s\u0142u\u00ad\u017c\u0105ce wza\u00adjem\u00adnemu pozna\u00adniu si\u0119, tole\u00adran\u00adcji i&nbsp;zro\u00adzu\u00admie\u00adniu mi\u0119\u00addzy spo\u00ad\u0142e\u00adcze\u0144\u00adstwami obu kraj\u00f3w. Idea roz\u00adsze\u00adrza\u00adnia wsp\u00f3\u0142\u00adpracy mie\u00addzy \u015brodo\u00adwi\u00adskami pol\u00adskimi i&nbsp;holen\u00adder\u00adskimi jest niezwykle wa\u017cna.<br \/>\n<a href=\"http:\/\/www.fpsn.nl\/\" target=\"_blank\" rel=\"noopener noreferrer\">www.fpsn.nl<\/a><\/p>\n<p><strong>Organizatorzy w latach 2023-2025<\/strong><\/p>\n<p>Zarz\u0105d Forum Polskich Szk\u00f3\u0142 w Holandii w sk\u0142adzie:<\/p>\n<p>Agnieszka Lonska<\/p>\n<p>Katarzyna Kiszkiel<\/p>\n<p>Renata Tru\u015b<\/p>\n<p><strong>Organizatorzy w latach 2021-2022<\/strong><\/p>\n<p>Zarz\u0105d Forum Polskich Szk\u00f3\u0142 w Holandii w sk\u0142adzie:<\/p>\n<p>Agnieszka Lonska<\/p>\n<p>Ma\u0142gorzata Lubbers-D\u0105browska<\/p>\n<p>Katarzyna Kiszkiel<\/p>\n<p>Marta van der Haagen<\/p>\n<p>Renata Tru\u015b<br \/>\n&nbsp;<br \/>\n<strong>Organizatorzy w latach 2015-2020<\/strong><\/p>\n<p>Zarz\u0105d Forum Polskich Szk\u00f3\u0142 w Holandii w sk\u0142adzie:<\/p>\n<p>Agnieszka Lonska<\/p>\n<p>Ma\u0142gorzata Lubbers-D\u0105browska<\/p>\n<p>Katarzyna Kiszkiel<\/p>\n<p>Marta van der Haagen<br \/>\n&nbsp;<br \/>\n<strong>Koordynatorzy w latach 2000-2015<\/strong><\/p>\n<p><strong>Ma\u0142gorzata Sm\u00f3\u0142ka<\/strong><\/p>\n<p>Pochodzi ze Stargardu Szczeci\u0144skiego. Uko\u0144czy\u0142a studia w Wy\u017cszej Szkole Pedagogicznej w Zielonej G\u00f3rze, na kierunku Pedagogika Kulturalno-O\u015bwiatowa, fakultet teatralny. W Holandii jest od 1995 roku. Pracowa\u0142a m.in. w Polskiej Szkole im. Ireny Kwiatkowskiej w Nijmegen. Przez kilka lat wspiera\u0142a Zarz\u0105d Forum Polskich Szk\u00f3\u0142 w Holandii- spo\u0142ecznej organizacji, skupiaj\u0105cej sobotnie szko\u0142y spo\u0142eczne, dzia\u0142aj\u0105ce na terenie Holandii od 1996 roku. Od 1999 roku organizowa\u0142a Wierszowisko czyli Festiwal Polskiej Poezji dla Dzieci.<\/p>\n<p>W pa\u017adzierniku 2010 roku za\u0142o\u017cy\u0142a Fundacj\u0119 MMusic Polsko-Holenderskie Biuro koncertowe i Impresariat. Do cel\u00f3w Fundacji nale\u017cy w szczeg\u00f3lno\u015bci: popularyzacja polskiej muzyki jazzowej na terenie Kr\u00f3lestwa Niderland\u00f3w oraz kraj\u00f3w o\u015bciennych oraz popularyzacja holenderskiego jazzu na terenie Polski. MMusic reprezentuje obecnie nast\u0119puj\u0105cych muzyk\u00f3w i zespo\u0142y: Franz von Choosy, Cezary Konrad, Dorota Mi\u015bkiewicz, W\u0142odek Pawlik, \u0141ukasz Pawlik, Maurits Roes, Filip Wojciechowski. www.mmusic.eu<\/p>\n<p>Laureatka Polonusa 2014<\/p>\n<p><strong>Tomasz Karawajczyk<\/strong><\/p>\n<p>Urodzi\u0142 si\u0119 w Legnicy, wykszta\u0142cenie Wy\u017csze magisterskie zdobyte we Wroc\u0142awiu na PWT, uko\u0144czy\u0142 tam r\u00f3wnie\u017c podyplomowe studia dziennikarskie. Jedn\u0105 trzeci\u0105 swojego \u017cycia sp\u0119dzi\u0142 w Holandii, gdzie prowadzi\u0142 w\u0142asne studio graficzne.<\/p>\n<p>Z Wierszowiskiem zwi\u0105zany od 2003 roku. Silnie zaanga\u017cowany w \u015brodowiskach polonijnych na rzecz krzewienia j\u0119zyka polskiego i kultury polskiej poprzez promocj\u0119 i organizacj\u0119 spotka\u0144 ze znanymi osobami, go\u015b\u0107mi z Polski i ca\u0142ego \u015bwiata. W spo\u0142eczno\u015bci rotterdamskiej obecny od 2004 roku, najpierw jako wiceprzewodnicz\u0105cy szko\u0142y, nauczyciel i grafik, a po przeprowadzce do Arnhem przyjaciel i webmaster Niderlandzko-Polskiego Centrum Kultury i Edukacji.<\/p>\n<p>Do 2013 roku wspiera\u0142 Zarz\u0105d Forum Polskich Szk\u00f3\u0142 w Holandii i reprezentowa\u0142 Europ\u0119 Zachodni\u0105 w Radzie O\u015bwiaty Polonijnej przy Ministerstwie Edukacji Narodowej, jako organ doradczy i opiniotw\u00f3rczy. Wyniesione do\u015bwiadczenie z pracy w spo\u0142ecznych szko\u0142ach polonijnych wykorzysta\u0142 w pracach nad tworzeniem internetowego programu metodycznego &#8220;W\u0142\u0105cz Polsk\u0119&#8221; dla nauczycieli i rodzic\u00f3w poza granicami Polski.<\/p>\n<p>Laureat Polonusa 2012<\/p>\n<p><strong>Ela Rodenburg<\/strong><\/p>\n<p>Pochodzi z Lublina, gdzie sko\u0144czy\u0142a studia prawnicze na Uniwersytecie Marie Curie- Sk\u0142odowskiej. W 1995 roku przyjecha\u0142a do Holandii. Mieszka z rodzin\u0105 w Tilburgu. W latach od 2003 do 2008 pracowa\u0142a miedzy innymi w Zarz\u0105dzie Polskiej Szko\u0142y w Tilburgu, najpierw jako skarbnik a od 2006 jako przewodnicz\u0105ca. W latach 2010-2014 aktywna jako vice-przewodnicz\u0105ca Fundacji PLON (Polska Platforma Porozumiewawcza w Holandii). Aktywnie uczestniczy w w \u017cyciu Polonii w Holandii oraz w debatach na temat bezpiecze\u0144stwa i warunk\u00f3w pracy naszych rodak\u00f3w w Holandii.<\/p>\n<p><strong>Joanna Hoppe<\/strong><\/p>\n<p>Zajmowa\u0142a si\u0119 kontaktami z darczy\u0144cami Wierszowiska.<\/p>\n","protected":false},"excerpt":{"rendered":"<p>Forum Pol\u00adskich Szk\u00f3\u0142 w Holan\u00addii <\/p>\n<p>Koordynacja organizacji Wierszowiska jest w r\u0119kach zarz\u0105du Forum Polskich Szk\u00f3\u0142 w Holandii.<\/p>\n<\/p>\n<p>Kontakt: info@wierszowisko.com Dla sponsor\u00f3w: reklama@wierszowisko.com &nbsp; W dniu 30 wrze\u015bnia 1995 roku powsta\u0142a orga\u00adni\u00adza\u00adcja pod nazw\u0105 Forum Pol\u00adskich Szk\u00f3\u0142 w Holan\u00addii.<\/p>\n<p>Celem sto\u00adwa\u00adrzy\u00adsze\u00adnia jest pie\u00adl\u0119\u00adgno\u00adwa\u00adnie i krze\u00adwie\u00adnie j\u0119zyka, kul\u00adtury i&nbsp;tra\u00addy\u00adcji pol\u00adskich, g\u0142\u00f3w\u00adnie poprzez dydak\u00adtyczne i orga\u00adni\u00adza\u00adcyjne wspie\u00adra\u00adnie [&#8230;]<\/p>\n","protected":false},"author":1,"featured_media":1721,"parent":0,"menu_order":3,"comment_status":"closed","ping_status":"closed","template":"","meta":{"ngg_post_thumbnail":0,"spay_email":""},"_links":{"self":[{"href":"https:\/\/www.wierszowisko.com\/index.php?rest_route=\/wp\/v2\/pages\/790"}],"collection":[{"href":"https:\/\/www.wierszowisko.com\/index.php?rest_route=\/wp\/v2\/pages"}],"about":[{"href":"https:\/\/www.wierszowisko.com\/index.php?rest_route=\/wp\/v2\/types\/page"}],"author":[{"embeddable":true,"href":"https:\/\/www.wierszowisko.com\/index.php?rest_route=\/wp\/v2\/users\/1"}],"replies":[{"embeddable":true,"href":"https:\/\/www.wierszowisko.com\/index.php?rest_route=%2Fwp%2Fv2%2Fcomments&post=790"}],"version-history":[{"count":20,"href":"https:\/\/www.wierszowisko.com\/index.php?rest_route=\/wp\/v2\/pages\/790\/revisions"}],"predecessor-version":[{"id":5022,"href":"https:\/\/www.wierszowisko.com\/index.php?rest_route=\/wp\/v2\/pages\/790\/revisions\/5022"}],"wp:featuredmedia":[{"embeddable":true,"href":"https:\/\/www.wierszowisko.com\/index.php?rest_route=\/wp\/v2\/media\/1721"}],"wp:attachment":[{"href":"https:\/\/www.wierszowisko.com\/index.php?rest_route=%2Fwp%2Fv2%2Fmedia&parent=790"}],"curies":[{"name":"wp","href":"https:\/\/api.w.org\/{rel}","templated":true}]}}