{"id":3996,"date":"2021-10-15T12:23:32","date_gmt":"2021-10-15T12:23:32","guid":{"rendered":"https:\/\/www.wierszowisko.com\/?page_id=3996"},"modified":"2022-06-15T18:37:51","modified_gmt":"2022-06-15T18:37:51","slug":"galeria-2022","status":"publish","type":"page","link":"https:\/\/www.wierszowisko.com\/?page_id=3996","title":{"rendered":"Galeria 2022"},"content":{"rendered":"\n<p><\/p>\n\n\n\n<figure class=\"wp-block-embed is-type-video is-provider-youtube wp-block-embed-youtube wp-embed-aspect-16-9 wp-has-aspect-ratio\"><div class=\"wp-block-embed__wrapper\">\n<iframe loading=\"lazy\" title=\"Kierunek Zach\u00f3d - 08.06.2022\" width=\"640\" height=\"360\" src=\"https:\/\/www.youtube.com\/embed\/DOZbnuA_hVo?feature=oembed\" frameborder=\"0\" allow=\"accelerometer; autoplay; clipboard-write; encrypted-media; gyroscope; picture-in-picture\" allowfullscreen><\/iframe>\n<\/div><figcaption>Relacja z Wierszowiska w TVP Polonia Kierunek Zach\u00f3d &#8211; 08.06.2022<\/figcaption><\/figure>\n\n\n\n<br>\n<p>Zapraszamy do obejrzenia zdj\u0119\u0107 i relacji z Wierszowiska. Dzi\u0119kujemy bardzo fotografom za pi\u0119kne uj\u0119cie wyst\u0119p\u00f3w i uchwycenie niezapomnianej atmosfery w teatrze.<br>\n<p><a rel=\"noreferrer noopener\" href=\"https:\/\/www.facebook.com\/media\/set\/?set=a.5348601685178393&amp;type=3\" target=\"_blank\">Album fotograficzny Wierszowisko 2022 cz\u0119\u015b\u0107 1. Fot. Dariusz Bochmann<\/a><\/p>\n\n\n\n<p><a rel=\"noreferrer noopener\" href=\"https:\/\/www.facebook.com\/media\/set\/?vanity=dariusz.bochmann&amp;set=a.5348636835174878\" target=\"_blank\">Album fotograficzny Wierszowisko 2022 cz\u0119\u015b\u0107 2. Fot. Dariusz Bochmann<\/a><\/p>\n\n\n\n<p><a rel=\"noreferrer noopener\" href=\"https:\/\/www.youtube.com\/watch?v=RI9izhNr5FY\" target=\"_blank\">XXI Festiwal Polskiej Poezji dla Dzieci Wierszowisko, Holandia 5 czerwca 2022 (ca\u0142a relacja), Dariusz Bochmann<\/a><\/p>\n\n\n\n<p><a href=\"https:\/\/www.facebook.com\/media\/set\/?set=a.5211335318912980&amp;type=3\" target=\"_blank\" rel=\"noreferrer noopener\">Album fotograficzny Wierszowisko 2022 cz\u0119\u015b\u0107 1. Fot. Gosia Lubbers-Dabrowska<\/a><\/p>\n\n\n\n<p><a href=\"https:\/\/www.facebook.com\/media\/set\/?set=a.5212584518788060&amp;type=3\" target=\"_blank\" rel=\"noreferrer noopener\">Album fotograficzny Wierszowisko 2022 cz\u0119\u015b\u0107 2. Fot. Gosia Lubbers-Dabrowska<\/a><\/p>\n\n\n\n<p><a href=\"https:\/\/www.facebook.com\/media\/set?vanity=andrzejtrusphotography&amp;set=a.2896693833968183\" target=\"_blank\" rel=\"noreferrer noopener\">Album fotograficzny Wierszowisko 2022 wyst\u0119py indywidualne. Fot. Andrzej Tru\u015b<\/a><\/p>\n\n\n\n<p><a href=\"https:\/\/www.facebook.com\/media\/set?vanity=andrzejtrusphotography&amp;set=a.2896708813966685\" target=\"_blank\" rel=\"noreferrer noopener\">Album fotograficzny Wierszowisko 2022 wyst\u0119py grupowe. Fot. Andrzej Tru\u015b<\/a><\/p>\n","protected":false},"excerpt":{"rendered":"\n<\/p>\n<p> Relacja z Wierszowiska w TVP Polonia Kierunek Zach\u00f3d &#8211; 08.06.2022 <\/p>\n<p>Zapraszamy do obejrzenia zdj\u0119\u0107 i relacji z Wierszowiska. Dzi\u0119kujemy bardzo fotografom za pi\u0119kne uj\u0119cie wyst\u0119p\u00f3w i uchwycenie niezapomnianej atmosfery w teatrze. <\/p>\n<p>Album fotograficzny Wierszowisko 2022 cz\u0119\u015b\u0107 1. Fot. Dariusz Bochmann<\/p>\n<p>Album fotograficzny Wierszowisko 2022 cz\u0119\u015b\u0107 2. Fot. Dariusz Bochmann<\/p>\n<p>XXI Festiwal Polskiej Poezji [&#8230;]<\/p>\n","protected":false},"author":1,"featured_media":0,"parent":0,"menu_order":0,"comment_status":"closed","ping_status":"closed","template":"","meta":{"ngg_post_thumbnail":0,"spay_email":""},"_links":{"self":[{"href":"https:\/\/www.wierszowisko.com\/index.php?rest_route=\/wp\/v2\/pages\/3996"}],"collection":[{"href":"https:\/\/www.wierszowisko.com\/index.php?rest_route=\/wp\/v2\/pages"}],"about":[{"href":"https:\/\/www.wierszowisko.com\/index.php?rest_route=\/wp\/v2\/types\/page"}],"author":[{"embeddable":true,"href":"https:\/\/www.wierszowisko.com\/index.php?rest_route=\/wp\/v2\/users\/1"}],"replies":[{"embeddable":true,"href":"https:\/\/www.wierszowisko.com\/index.php?rest_route=%2Fwp%2Fv2%2Fcomments&post=3996"}],"version-history":[{"count":12,"href":"https:\/\/www.wierszowisko.com\/index.php?rest_route=\/wp\/v2\/pages\/3996\/revisions"}],"predecessor-version":[{"id":4234,"href":"https:\/\/www.wierszowisko.com\/index.php?rest_route=\/wp\/v2\/pages\/3996\/revisions\/4234"}],"wp:attachment":[{"href":"https:\/\/www.wierszowisko.com\/index.php?rest_route=%2Fwp%2Fv2%2Fmedia&parent=3996"}],"curies":[{"name":"wp","href":"https:\/\/api.w.org\/{rel}","templated":true}]}}