{"id":3622,"date":"2020-01-04T22:50:31","date_gmt":"2020-01-04T22:50:31","guid":{"rendered":"http:\/\/www.wierszowisko.com\/?page_id=3622"},"modified":"2020-01-04T23:40:42","modified_gmt":"2020-01-04T23:40:42","slug":"galeria-2019","status":"publish","type":"page","link":"https:\/\/www.wierszowisko.com\/?page_id=3622","title":{"rendered":"Galeria 2019"},"content":{"rendered":"<p><strong>Zdj\u0119cia&nbsp;<\/strong><\/p>\n<p><a href=\"https:\/\/www.facebook.com\/pg\/wierszowisko.festiwal\/photos\/?tab=album&amp;album_id=2590065841035620\" target=\"_blank\" rel=\"noopener noreferrer\">link<\/a>&nbsp;Wierszowisko w obiektywie fotograf Beaty van de Veerdonk&nbsp;<\/p>\n<p>Zdj\u0119cia Andrzeja Tru\u015b:&nbsp;<\/p>\n<p><a href=\"https:\/\/www.facebook.com\/pg\/andrzejtrusphotography\/photos\/?tab=album&amp;album_id=2039561709681404\" target=\"_blank\" rel=\"noopener noreferrer\">link<\/a> do zdj\u0119\u0107 z wyst\u0119p\u00f3w grupowych&nbsp;<\/p>\n<p><a href=\"https:\/\/www.facebook.com\/pg\/andrzejtrusphotography\/photos\/?tab=album&amp;album_id=2037925376511704\" target=\"_blank\" rel=\"noopener noreferrer\">link<\/a> do zdj\u0119\u0107 z wyst\u0119p\u00f3w indywidualnych<\/p>\n<p><a href=\"https:\/\/www.facebook.com\/pg\/andrzejtrusphotography\/photos\/?tab=album&amp;album_id=2041528909484684\" target=\"_blank\" rel=\"noopener noreferrer\">link<\/a> do zdj\u0119\u0107 z og\u0142oszenia wynik\u00f3w<\/p>\n<p>&nbsp;<\/p>\n<p><strong>Filmy<\/strong><\/p>\n<p><a href=\"https:\/\/www.facebook.com\/ptvnl\/videos\/756201061447075\/UzpfSTI2NDEzMDY2Njk2MjQ5NDoyNTY2Mzg2Njk2NzM2ODY4\/\" target=\"_blank\" rel=\"noopener noreferrer\">link<\/a>&nbsp;relacja przygotowana przez P-TV<\/p>\n<p><a href=\"https:\/\/www.facebook.com\/eastradatv\/videos\/638129823314271\/UzpfSTI2NDEzMDY2Njk2MjQ5NDoyNTY1NDU2NDc2ODI5ODkw\/\" target=\"_blank\" rel=\"noopener noreferrer\">link<\/a> do relacji filmowej Eastrady<\/p>\n<p>&nbsp;<\/p>\n<p><strong>Wyst\u0119py laureat\u00f3w Wierszowiska 2019 w Pary\u017cu<\/strong><\/p>\n<p><a href=\"https:\/\/polonia.tvp.pl\/45117026\/miedzynarodowe-wierszowisko-w-paryzu?fbclid=IwAR3kR91xaeQCKI4zNqzCtkvZxO97SnezNpJ9qgojGkhJ9p56z5qM_erBtyE\" target=\"_blank\" rel=\"noopener noreferrer\">film<\/a>&nbsp;1<\/p>\n<p><a href=\"https:\/\/vod.tvp.pl\/video\/kierunek-zachod,30102019-1925,44850946?fbclid=IwAR0pb-93QNCG_DIw6GbbfsSj60Foi5j0XzxVz6qPyLAlRtxSJa8b0OMUNuM\" target=\"_blank\" rel=\"noopener noreferrer\">film<\/a>&nbsp;2<\/p>\n<p>&nbsp;<\/p>\n","protected":false},"excerpt":{"rendered":"<p>Zdj\u0119cia&nbsp;<\/p>\n<p>link&nbsp;Wierszowisko w obiektywie fotograf Beaty van de Veerdonk&nbsp;<\/p>\n<p>Zdj\u0119cia Andrzeja Tru\u015b:&nbsp;<\/p>\n<p>link do zdj\u0119\u0107 z wyst\u0119p\u00f3w grupowych&nbsp;<\/p>\n<p>link do zdj\u0119\u0107 z wyst\u0119p\u00f3w indywidualnych<\/p>\n<p>link do zdj\u0119\u0107 z og\u0142oszenia wynik\u00f3w<\/p>\n<p>&nbsp;<\/p>\n<p>Filmy<\/p>\n<p>link&nbsp;relacja przygotowana przez P-TV<\/p>\n<p>link do relacji filmowej Eastrady<\/p>\n<p>&nbsp;<\/p>\n<p>Wyst\u0119py laureat\u00f3w Wierszowiska 2019 w Pary\u017cu<\/p>\n<p>film&nbsp;1<\/p>\n<p>film&nbsp;2<\/p>\n<p>&nbsp;<\/p>\n<p> [&#8230;]<\/p>\n","protected":false},"author":1,"featured_media":0,"parent":0,"menu_order":0,"comment_status":"closed","ping_status":"closed","template":"","meta":{"ngg_post_thumbnail":0,"spay_email":""},"_links":{"self":[{"href":"https:\/\/www.wierszowisko.com\/index.php?rest_route=\/wp\/v2\/pages\/3622"}],"collection":[{"href":"https:\/\/www.wierszowisko.com\/index.php?rest_route=\/wp\/v2\/pages"}],"about":[{"href":"https:\/\/www.wierszowisko.com\/index.php?rest_route=\/wp\/v2\/types\/page"}],"author":[{"embeddable":true,"href":"https:\/\/www.wierszowisko.com\/index.php?rest_route=\/wp\/v2\/users\/1"}],"replies":[{"embeddable":true,"href":"https:\/\/www.wierszowisko.com\/index.php?rest_route=%2Fwp%2Fv2%2Fcomments&post=3622"}],"version-history":[{"count":6,"href":"https:\/\/www.wierszowisko.com\/index.php?rest_route=\/wp\/v2\/pages\/3622\/revisions"}],"predecessor-version":[{"id":3646,"href":"https:\/\/www.wierszowisko.com\/index.php?rest_route=\/wp\/v2\/pages\/3622\/revisions\/3646"}],"wp:attachment":[{"href":"https:\/\/www.wierszowisko.com\/index.php?rest_route=%2Fwp%2Fv2%2Fmedia&parent=3622"}],"curies":[{"name":"wp","href":"https:\/\/api.w.org\/{rel}","templated":true}]}}