{"id":2470,"date":"2015-03-17T10:44:04","date_gmt":"2015-03-17T10:44:04","guid":{"rendered":"http:\/\/www.wierszowisko.com\/?page_id=2470"},"modified":"2020-02-13T12:03:47","modified_gmt":"2020-02-13T12:03:47","slug":"wyniki","status":"publish","type":"page","link":"https:\/\/www.wierszowisko.com\/?page_id=2470","title":{"rendered":"Wyniki Wierszowiska 2015"},"content":{"rendered":"<p><strong>Kategoria 4-6 lat<\/strong><br \/>\n1. Ewa Go\u0142ka &#8211; Polska Szko\u0142a Breda<span class=\"text_exposed_show\"><br \/>\n2. Filip Cybulski &#8211; Polska Szko\u0142a Breda<br \/>\n3. Ex aequo:<br \/>\nOliwier Weijers &#8211; Polska Szko\u0142a Nijmegen<br \/>\nBart\u0142omiej Bru\u015b &#8211; Polska Szko\u0142a Tilburg<\/span><\/p>\n<div class=\"text_exposed_show\">\n<p>Wyr\u00f3\u017cnienie: Fabian Socha &#8211; Polska Szko\u0142a Eindhoven<\/p>\n<p><strong>Kategoria 7-9 lat<\/strong><br \/>\n1. Maja Bartczak &#8211; Polska Szko\u0142a Schiedam<br \/>\n2. Maja Krysi\u0144ska- Polska Szko\u0142a Oss<br \/>\n3. Ex aequo:<br \/>\nOliwia Obadowska &#8211; Polska Szko\u0142a Oss<br \/>\nKlara Cyrys &#8211; Polska Szko\u0142a Oss<\/p>\n<p>Wyr\u00f3\u017cnienie: Barbara Walorska &#8211; Polska Szko\u0142a Oss<\/p>\n<p><strong>Kategoria 10-13 lat<\/strong><br \/>\n1. Klaudia Przybylska &#8211; Polska Szko\u0142a Tilburg<br \/>\n2. Dawid Kiszkiel &#8211; Polska Szko\u0142a Tilburg<br \/>\n3. Ex aequo:<br \/>\nAda van der Haagen &#8211; Polska Szko\u0142a Amsterdam<br \/>\nPiotr van Dijk &#8211; Polska Szko\u0142a Schiedam<\/p>\n<p><strong>Wyst\u0119py grupowe<\/strong><br \/>\n1. Polska Szko\u0142a Tilburg za przedstawienie \u201eLokomotyw\u0105 do Malden\u201d<br \/>\n2. Polska Szko\u0142a Schiedam za przedstawienie \u201eCzarodziejski \u015bwiat wierszowiska\u201d<br \/>\n3. Polska Szko\u0142a Oss OSStoja za przedstawienie \u201eKolorowe dzieci\u201d<\/p>\n<\/div>\n","protected":false},"excerpt":{"rendered":"<p>Kategoria 4-6 lat 1. Ewa Go\u0142ka &#8211; Polska Szko\u0142a Breda 2. Filip Cybulski &#8211; Polska Szko\u0142a Breda 3. Ex aequo: Oliwier Weijers &#8211; Polska Szko\u0142a Nijmegen Bart\u0142omiej Bru\u015b &#8211; Polska Szko\u0142a Tilburg<\/p>\n<p>Wyr\u00f3\u017cnienie: Fabian Socha &#8211; Polska Szko\u0142a Eindhoven<\/p>\n<p>Kategoria 7-9 lat 1. Maja Bartczak &#8211; Polska Szko\u0142a Schiedam 2. Maja Krysi\u0144ska- Polska Szko\u0142a Oss [&#8230;]<\/p>\n","protected":false},"author":1,"featured_media":0,"parent":1958,"menu_order":0,"comment_status":"closed","ping_status":"open","template":"","meta":{"ngg_post_thumbnail":0,"spay_email":""},"_links":{"self":[{"href":"https:\/\/www.wierszowisko.com\/index.php?rest_route=\/wp\/v2\/pages\/2470"}],"collection":[{"href":"https:\/\/www.wierszowisko.com\/index.php?rest_route=\/wp\/v2\/pages"}],"about":[{"href":"https:\/\/www.wierszowisko.com\/index.php?rest_route=\/wp\/v2\/types\/page"}],"author":[{"embeddable":true,"href":"https:\/\/www.wierszowisko.com\/index.php?rest_route=\/wp\/v2\/users\/1"}],"replies":[{"embeddable":true,"href":"https:\/\/www.wierszowisko.com\/index.php?rest_route=%2Fwp%2Fv2%2Fcomments&post=2470"}],"version-history":[{"count":3,"href":"https:\/\/www.wierszowisko.com\/index.php?rest_route=\/wp\/v2\/pages\/2470\/revisions"}],"predecessor-version":[{"id":3700,"href":"https:\/\/www.wierszowisko.com\/index.php?rest_route=\/wp\/v2\/pages\/2470\/revisions\/3700"}],"up":[{"embeddable":true,"href":"https:\/\/www.wierszowisko.com\/index.php?rest_route=\/wp\/v2\/pages\/1958"}],"wp:attachment":[{"href":"https:\/\/www.wierszowisko.com\/index.php?rest_route=%2Fwp%2Fv2%2Fmedia&parent=2470"}],"curies":[{"name":"wp","href":"https:\/\/api.w.org\/{rel}","templated":true}]}}