{"id":2089,"date":"2015-01-21T21:15:29","date_gmt":"2015-01-21T21:15:29","guid":{"rendered":"http:\/\/www.wierszowisko.com\/?page_id=2089"},"modified":"2023-02-13T12:21:00","modified_gmt":"2023-02-13T12:21:00","slug":"historia","status":"publish","type":"page","link":"https:\/\/www.wierszowisko.com\/?page_id=2089","title":{"rendered":"Historia Wierszowiska"},"content":{"rendered":"<p>Pomys\u0142 zorganizowania festiwalu poezji dzieci\u0119cej w Holandii zaproponowa\u0142a Dorota Per\u0142owska, jedna z nauczycielek ze szko\u0142y w Tilburgu. Mia\u0142o to na celu stymulacj\u0119 dzieci do nauki polskich wierszy z wykorzystaniem elementu rywalizacji i ch\u0119ci bycia najlepszym. Okaza\u0142o si\u0119, \u017ce jest to pomys\u0142 wr\u0119cz genialny w swojej prostocie, a jednocze\u015bnie bardzo efektywny. Zamiast narzeka\u0144 typu \u201ca po co mi to\u201d, \u201cjakie to nudne i trudne\u201d, wiersze zostaj\u0105 wr\u0119cz \u201cpo\u0142ykane\u201d, a s\u0142owa trudne i nudne znikaj\u0105 ze s\u0142ownik\u00f3w naszych pociech.<\/p>\n<p>Dla nas natomiast, os\u00f3b zwi\u0105zanych z FPSN, jest to niezwyk\u0142e wydarzenie. Jednego dnia, na jednej scenie, spotykaj\u0105 si\u0119 uczniowie naszych szk\u00f3\u0142. Sp\u0119dzamy ze sob\u0105 ca\u0142y dzie\u0144, poznajemy si\u0119, rywalizujemy ze sob\u0105, ale i uczymy si\u0119 od siebie, zaprzyja\u017aniamy. Podobno nazywa si\u0119 to fachowo integracj\u0105 \u015brodowiska polonijnego. A to \u015brodowisko jest zupe\u0142nie wyj\u0105tkowe. W jednej sali zbiera si\u0119 najcenniejsza energia, jak\u0105 nasza wsp\u00f3lnota ma w osobach dzieci, m\u0142odzie\u017cy i ich opiekun\u00f3w. Wszyscy chc\u0105 by\u0107 razem, m\u00f3wi\u0107 po polsku, poznawa\u0107 polsk\u0105 literatur\u0119, jak najpi\u0119kniej m\u00f3wi\u0107 po polsku. Pokazujemy kolejnym pokoleniom, \u017ce j\u0119zyk polski, chocia\u017c trudny, jest r\u00f3wnie\u017c j\u0119zykiem niezwykle pi\u0119knym. Nie mo\u017cna przekaza\u0107 tego lepiej ni\u017c poprzez teksty Brzechwy, Tuwima i mniej lub bardziej znanych polskich poet\u00f3w, kt\u00f3rzy tak pi\u0119knie pisali i pisz\u0105 dla dzieci.<\/p>\n<p>Obecnie wszyscy skar\u017c\u0105 si\u0119 na znieczulic\u0119, na brak motywacji, na brak czasu i na wiele innych rzeczy. Dlatego fakt, \u017ce co roku spotykaj\u0105 si\u0119 wszyscy razem na kolejnym Festiwalu jest tak wyj\u0105tkowy. Nikomu nie szkoda czasu na to, \u017ceby po\u0107wiczy\u0107 z dzie\u0107mi w domu, przygotowa\u0107 je do swojej roli, zrobi\u0107 dekoracje, uszy\u0107 kostiumy. A dziecko raz zara\u017cone bakcylem Wierszowiska, nie pozbywa si\u0119 go tak szybko. R\u00f3wnie\u017c absolwenci, prosz\u0105, aby pami\u0119ta\u0107 o nich przy obsadach r\u00f3l do kolejnych wyst\u0119p\u00f3w. Informacje na temat wszystkich edycji Festiwalu mo\u017cna znale\u017a\u0107 na naszej stronie internetowej.<\/p>\n<h3>Informacje o \u017ar\u00f3d\u0142ach finansowania przedsi\u0119wzi\u0119cia i sponsorach.<\/h3>\n<p>W minionych latach wsparcie otrzymywali\u015bmy ze Stowarzyszenia Wsp\u00f3lnota Polska i Senat RP. Bardzo pomagaj\u0105 nam darczy\u0144cy i sponsorzy. S\u0105 to organizacje polonijne na terenie Kr\u00f3lestwa Niderland\u00f3w takie ja wymienione ju\u017c wcze\u015bniej, czyli portal internetowy www.polonia.nl, www.niedziela.nl, www.linktopoland.com , Polsko-Niderlandzkie Stowarzyszenie Kulturalne, Scena Polska w Holandii, Polskie Radio Amsterdam, Pracuj FM, gazeta i TV PoPolsku oraz wymienione logami na stronie Wierszowiska. Wi\u0119kszo\u015b\u0107 potrzebnych do realizacji projektu \u015brodk\u00f3w staramy si\u0119 zebra\u0107 w\u015br\u00f3d polskich i polsko-niederlandzkich firm, dzia\u0142aj\u0105cych na terenie Holandii. W ubieg\u0142ym roku uda\u0142o nam si\u0119 uzyska\u0107 sponsor\u00f3w g\u0142\u00f3wnie od polskich sklep\u00f3w w Niderlandach, polskich firm przewozowych oraz innych polskich przedsi\u0119biorc\u00f3w.<\/p>\n<h3><strong>Informacje o innych patronatach (w tym medialnych) oraz o nag\u0142o\u015bnieniu przedsi\u0119wzi\u0119cia.<\/strong><\/h3>\n<p>Festiwal Polskiej Poezji dla Dzieci wspieraj\u0105 portale internetowe dzia\u0142aj\u0105ce na terenie Kr\u00f3lestwa Niderland\u00f3w:<\/p>\n<ul>\n<li>www.niedziela.nl<\/li>\n<li>www.pnkv.nl<\/li>\n<li>www.polonia.nl<\/li>\n<li>www.linktopoland.com<\/li>\n<li>www.popolsku.nl<\/li>\n<li>www.naszapolonia.nl<\/li>\n<\/ul>\n<p>Artyku\u0142y na temat Wierszowiska pokazuj\u0105 si\u0119 w polskiej prasie w Holandii takiej jak Biuletyn PNKV, PoPolsku, Goniec Polski. Audycje o Festiwalu emituj\u0105 radio PracujFM, Telewizja PoPolsku tak\u017ce <span style=\"font-weight: 400;\">Pepe.tv<\/span>. Wielkim wsparciem jest dla nas TVP Polonia. Dzi\u0119ki jej dyrektorowi, \u0141ukaszowi Kardasowi, informacje na temat Wierszowiska oraz relacje z kolejnych edycji, ukazuj\u0105 si\u0119 na antenie tej stacji.<\/p>\n<h3>Informacje o udziale go\u015bci honorowych.<\/h3>\n<p>Go\u015b\u0107mi Wierszowiska w przesz\u0142o\u015bci byli mi\u0119dzy innymi:<\/p>\n<ul>\n<li>pisarz Micha\u0142 Rusinek<\/li>\n<li>aktorka Edyta Jungowska<\/li>\n<li>m<span class=\"st\">alarka, ilustratorka <\/span>Anna Kaszuba-D\u0119bska<\/li>\n<li>pisarz, poeta \u0141ukasz D\u0119bski<\/li>\n<li>senator i re\u017cyser Barbara Borys-Dami\u0119cka<\/li>\n<li>senator, aktor, re\u017cyser Jerzy Fedorowicz<\/li>\n<li>wokalistka Katarzyna Klich<\/li>\n<li>aktorka Beata \u015acibak\u00f3wna<\/li>\n<li>radny, kultura Jerzy Maciej Fedorowicz Jr.<\/li>\n<li>aktorka Anna Nehrebecka<\/li>\n<li>pisarz \u0141ukasz Wierzbicki<\/li>\n<li>pisarka Agnieszka Steur<\/li>\n<li>pisarka Agnieszka Zakrzewska z Wilkiem<\/li>\n<\/ul>\n<p>Od 2006 nasze dzia\u0142ania wspiera r\u00f3wnie\u017c wokalistka Anna Maria Jopek. Ma\u0142gorzata Lasocka przenios\u0142a do Wielkiej Brytanii pomys\u0142 Wierszowiska, kt\u00f3re odbywa si\u0119 od 2012 r. w Londynie.<\/p>\n","protected":false},"excerpt":{"rendered":"<p>Pomys\u0142 zorganizowania festiwalu poezji dzieci\u0119cej w Holandii zaproponowa\u0142a Dorota Per\u0142owska, jedna z nauczycielek ze szko\u0142y w Tilburgu. Mia\u0142o to na celu stymulacj\u0119 dzieci do nauki polskich wierszy z wykorzystaniem elementu rywalizacji i ch\u0119ci bycia najlepszym. Okaza\u0142o si\u0119, \u017ce jest to pomys\u0142 wr\u0119cz genialny w swojej prostocie, a jednocze\u015bnie bardzo efektywny. Zamiast narzeka\u0144 typu \u201ca po [&#8230;]<\/p>\n","protected":false},"author":1,"featured_media":0,"parent":0,"menu_order":0,"comment_status":"closed","ping_status":"open","template":"","meta":{"ngg_post_thumbnail":0,"spay_email":""},"_links":{"self":[{"href":"https:\/\/www.wierszowisko.com\/index.php?rest_route=\/wp\/v2\/pages\/2089"}],"collection":[{"href":"https:\/\/www.wierszowisko.com\/index.php?rest_route=\/wp\/v2\/pages"}],"about":[{"href":"https:\/\/www.wierszowisko.com\/index.php?rest_route=\/wp\/v2\/types\/page"}],"author":[{"embeddable":true,"href":"https:\/\/www.wierszowisko.com\/index.php?rest_route=\/wp\/v2\/users\/1"}],"replies":[{"embeddable":true,"href":"https:\/\/www.wierszowisko.com\/index.php?rest_route=%2Fwp%2Fv2%2Fcomments&post=2089"}],"version-history":[{"count":17,"href":"https:\/\/www.wierszowisko.com\/index.php?rest_route=\/wp\/v2\/pages\/2089\/revisions"}],"predecessor-version":[{"id":4610,"href":"https:\/\/www.wierszowisko.com\/index.php?rest_route=\/wp\/v2\/pages\/2089\/revisions\/4610"}],"wp:attachment":[{"href":"https:\/\/www.wierszowisko.com\/index.php?rest_route=%2Fwp%2Fv2%2Fmedia&parent=2089"}],"curies":[{"name":"wp","href":"https:\/\/api.w.org\/{rel}","templated":true}]}}