{"id":1923,"date":"2014-03-31T06:59:03","date_gmt":"2014-03-31T06:59:03","guid":{"rendered":"http:\/\/www.wierszowisko.com\/?page_id=1923"},"modified":"2014-04-01T06:26:18","modified_gmt":"2014-04-01T06:26:18","slug":"wyniki","status":"publish","type":"page","link":"https:\/\/www.wierszowisko.com\/?page_id=1923","title":{"rendered":"Wyniki"},"content":{"rendered":"<p>Wyniki Wierszowiska 2014<br \/>\n<span style=\"text-decoration: underline;\"><br \/>\n<b>Kategoria indywidualna 4-6 lat<\/b><\/span><br \/>\nI miejsce &#8211; Aemke Fennema, 5 lat, Zbigniew Dmitroca &#8220;Hulajdusza&#8221;<br \/>\nII miejsce &#8211; Oliwia Obadowska, 6 lat, Danuta Wawi\u0142ow &#8220;W\u0119dr\u00f3wka&#8221;<br \/>\nIII miejsce &#8211; Bart\u0142omiej Bru\u015b, 5 lat, Jan Brzechwa &#8221; Siedmiomilowe buty&#8221;<br \/>\nWyr\u00f3\u017cnienie &#8211; Julia Wa\u017cbi\u0144ska, 5 lat, Wanda Chotomska &#8220;Fryzjer&#8221;<br \/>\nWyr\u00f3\u017cnienie &#8211; Bart\u0142omiej Witkowiak, 6 lat, Stanis\u0142aw Grabowski &#8220;Wiersz o zmarnowanym czasie&#8221;<\/p>\n<p><span style=\"text-decoration: underline;\"><b>Kategoria indywidualna 7-9 lat<\/b><\/span><br \/>\nI miejsce &#8211; Basia Walorska, 8 lat, Zdzis\u0142aw Szczepaniak &#8220;Recepta na nud\u0119&#8221;<br \/>\nI miejsce &#8211; Klara Cyrys, 7 lat, Danuta Wawi\u0142ow &#8220;Daktyle&#8221;<br \/>\nII miejsce &#8211; Natalia Gloc, 7 lat, Jan Brzechwa &#8220;Globus&#8221;<br \/>\nIII miejsce &#8211; Ella O\u015bliz\u0142o, 7 lat, Jan Brzechwa &#8220;W pi\u0105tek&#8221;<br \/>\nWyr\u00f3\u017cnienie &#8211; Tula \u0141ozi\u0144ska, 9 lat, Danuta Wawi\u0142ow &#8220;Cz\u0142owiek ze z\u0142otym parasolem&#8221;<br \/>\nWyr\u00f3\u017cnienie &#8211; Zosia Fennema, 9 lat, Ma\u0142gorzata Strza\u0142kowska &#8220;Grypa&#8221;<\/p>\n<p><span style=\"text-decoration: underline;\"><b>Kategoria indywidualna 10-13 lat<\/b><\/span><br \/>\nI miejsce &#8211; Ada van der Haagen, 10 lat, Jan Brzechwa &#8220;Chrz\u0105szcz&#8221;<br \/>\nII miejsce &#8211; Piotr van Dijk, 11 lat, \u0141ukasz D\u0119bski &#8220;Zegarek&#8221;<br \/>\nIII miejsce &#8211; Pola Kruger, 10 lat, J\u00f3zef Czechowicz &#8220;Przygoda Marcysi&#8221;<\/p>\n<p><b><span style=\"text-decoration: underline;\">Wyst\u0119py zbiorowe<\/span><\/b><br \/>\nI miejsce &#8211; Szko\u0142a w Bredzie, ABECAD\u0141O<br \/>\nII miejsce &#8211; Szko\u0142a w Oss, CZYTANIE &#8211; PRZYGODA NA ZAWO\u0141ANIE!<br \/>\nIII miejsce &#8211; Szko\u0142a w Schiedamie &#8211; Aneta Noworyta &#8220;STRASZNE PRZYGODY&#8221;<\/p>\n<p><b>Puchar Konsula Ambasady RP w Hadze <\/b><br \/>\nSzko\u0142a w Amsterdamie, Julian Tuwim &#8220;PAN MALU\u015aKIEWICZ i WIELORYB&#8221;<br \/>\n<b><br \/>\nNagroda Najm\u0142odszego Uczestnika<\/b><br \/>\nDawid Dobosiewicz<\/p>\n<p><b>Nagroda Specjalna Jury<br \/>\n<\/b>Oliwier Weijers<br \/>\n<b><br \/>\nWszystkim uczestnikom i laureatom nasze gor\u0105ce gratulacje!<\/b><\/p>\n<p>zdj\u0119cia i relacje:<\/p>\n<ul>\n<li><a title=\"Dream Art\" href=\"http:\/\/www.wierszowisko.com\/wp-admin\/post.php?post=1937&amp;action=edit\" target=\"_blank\">Dream Art<\/a><\/li>\n<\/ul>\n","protected":false},"excerpt":{"rendered":"<p>Wyniki Wierszowiska 2014 Kategoria indywidualna 4-6 lat I miejsce &#8211; Aemke Fennema, 5 lat, Zbigniew Dmitroca &#8220;Hulajdusza&#8221; II miejsce &#8211; Oliwia Obadowska, 6 lat, Danuta Wawi\u0142ow &#8220;W\u0119dr\u00f3wka&#8221; III miejsce &#8211; Bart\u0142omiej Bru\u015b, 5 lat, Jan Brzechwa &#8221; Siedmiomilowe buty&#8221; Wyr\u00f3\u017cnienie &#8211; Julia Wa\u017cbi\u0144ska, 5 lat, Wanda Chotomska &#8220;Fryzjer&#8221; Wyr\u00f3\u017cnienie &#8211; Bart\u0142omiej Witkowiak, 6 lat, Stanis\u0142aw [&#8230;]<\/p>\n","protected":false},"author":1,"featured_media":1942,"parent":2,"menu_order":0,"comment_status":"closed","ping_status":"open","template":"","meta":{"ngg_post_thumbnail":0,"spay_email":""},"_links":{"self":[{"href":"https:\/\/www.wierszowisko.com\/index.php?rest_route=\/wp\/v2\/pages\/1923"}],"collection":[{"href":"https:\/\/www.wierszowisko.com\/index.php?rest_route=\/wp\/v2\/pages"}],"about":[{"href":"https:\/\/www.wierszowisko.com\/index.php?rest_route=\/wp\/v2\/types\/page"}],"author":[{"embeddable":true,"href":"https:\/\/www.wierszowisko.com\/index.php?rest_route=\/wp\/v2\/users\/1"}],"replies":[{"embeddable":true,"href":"https:\/\/www.wierszowisko.com\/index.php?rest_route=%2Fwp%2Fv2%2Fcomments&post=1923"}],"version-history":[{"count":3,"href":"https:\/\/www.wierszowisko.com\/index.php?rest_route=\/wp\/v2\/pages\/1923\/revisions"}],"predecessor-version":[{"id":1945,"href":"https:\/\/www.wierszowisko.com\/index.php?rest_route=\/wp\/v2\/pages\/1923\/revisions\/1945"}],"up":[{"embeddable":true,"href":"https:\/\/www.wierszowisko.com\/index.php?rest_route=\/wp\/v2\/pages\/2"}],"wp:featuredmedia":[{"embeddable":true,"href":"https:\/\/www.wierszowisko.com\/index.php?rest_route=\/wp\/v2\/media\/1942"}],"wp:attachment":[{"href":"https:\/\/www.wierszowisko.com\/index.php?rest_route=%2Fwp%2Fv2%2Fmedia&parent=1923"}],"curies":[{"name":"wp","href":"https:\/\/api.w.org\/{rel}","templated":true}]}}