{"id":1908,"date":"2015-03-13T06:46:12","date_gmt":"2015-03-13T06:46:12","guid":{"rendered":"http:\/\/www.wierszowisko.com\/?page_id=1908"},"modified":"2022-05-25T16:12:52","modified_gmt":"2022-05-25T16:12:52","slug":"hymn","status":"publish","type":"page","link":"https:\/\/www.wierszowisko.com\/?page_id=1908","title":{"rendered":"Hymn"},"content":{"rendered":"<h4 style=\"text-align: center;\">HYMN WIERSZOWISKA<\/h4>\n<p style=\"text-align: center;\">Tam gdzie Niskie s\u0105 Kraje<br \/>\nI deszczowa pogoda<br \/>\nGdzie drewniaki, wiatraki,<br \/>\nMorze, ser i stroopwafel<br \/>\nTam, co roku na wiosn\u0119<br \/>\nPolskie rymy i wiersze<br \/>\nDzieci twarze radosne<br \/>\nPoezji czar najpi\u0119kniejszy<\/p>\n<p style=\"text-align: center;\"><em>Ref.<\/em><br \/>\n<em>Wierszowisko to dzie\u0144<\/em><br \/>\n<em>Gdy smutek odchodzi w cie\u0144<\/em><br \/>\n<em>Tu sta\u0107 si\u0119 mo\u017cesz tym, kim chcesz<\/em><br \/>\n<em>Je\u015bli nam podarujesz sw\u00f3j wiersz<\/em><br \/>\n<em>Wierszowisko to czas<\/em><br \/>\n<em>Gdy poet\u0105 jest ka\u017cdy z nas<\/em><br \/>\n<em>Tu bajka staje si\u0119 jaw\u0105<\/em><br \/>\n<em>A teatr najwa\u017cniejsz\u0105 spraw\u0105.<\/em><\/p>\n<p style=\"text-align: center;\">Tutaj dzieci, doro\u015bli<br \/>\nPolskie szko\u0142y sobotnie<br \/>\nTworz\u0105 teatr rado\u015bnie<br \/>\nRecytuj\u0105 ochotnie<br \/>\nWierszowisko w Holandii<br \/>\nDzi\u015b&nbsp;okr\u0105g\u0142y ju\u017c raz<br \/>\nChcemy razem za\u015bpiewa\u0107<br \/>\nRozpromieni\u0107 ten czas<\/p>\n<p style=\"text-align: center;\"><a href=\"https:\/\/i0.wp.com\/www.wierszowisko.com\/wp-content\/uploads\/2015\/01\/wierszowisko_2015.jpg\"><img loading=\"lazy\" class=\"alignnone wp-image-2041 size-thumbnail\" src=\"https:\/\/i0.wp.com\/www.wierszowisko.com\/wp-content\/uploads\/2015\/01\/wierszowisko_2015-150x150.jpg?resize=150%2C150\" alt=\"wierszowisko_2015\" width=\"150\" height=\"150\" srcset=\"https:\/\/i0.wp.com\/www.wierszowisko.com\/wp-content\/uploads\/2015\/01\/wierszowisko_2015.jpg?resize=150%2C150&amp;ssl=1 150w, https:\/\/i0.wp.com\/www.wierszowisko.com\/wp-content\/uploads\/2015\/01\/wierszowisko_2015.jpg?resize=300%2C300&amp;ssl=1 300w, https:\/\/i0.wp.com\/www.wierszowisko.com\/wp-content\/uploads\/2015\/01\/wierszowisko_2015.jpg?resize=1024%2C1024&amp;ssl=1 1024w, https:\/\/i0.wp.com\/www.wierszowisko.com\/wp-content\/uploads\/2015\/01\/wierszowisko_2015.jpg?resize=400%2C400&amp;ssl=1 400w, https:\/\/i0.wp.com\/www.wierszowisko.com\/wp-content\/uploads\/2015\/01\/wierszowisko_2015.jpg?w=1181&amp;ssl=1 1181w\" sizes=\"(max-width: 150px) 100vw, 150px\" data-recalc-dims=\"1\" \/><\/a><\/p>\n<div dir=\"auto\" style=\"text-align: center;\">S\u0142owa i wokal:<\/div>\n<div dir=\"auto\" style=\"text-align: center;\">Magdalena Kaloci\u0144ska-Duijnhouwer<\/div>\n<div dir=\"auto\" style=\"text-align: center;\">Muzyka: Pawe\u0142 Tomaszewski<\/div>\n","protected":false},"excerpt":{"rendered":"<p>HYMN WIERSZOWISKA <\/p>\n<p style=\"text-align: center;\">Tam gdzie Niskie s\u0105 Kraje I deszczowa pogoda Gdzie drewniaki, wiatraki, Morze, ser i stroopwafel Tam, co roku na wiosn\u0119 Polskie rymy i wiersze Dzieci twarze radosne Poezji czar najpi\u0119kniejszy<\/p>\n<p style=\"text-align: center;\">Ref. Wierszowisko to dzie\u0144 Gdy smutek odchodzi w cie\u0144 Tu sta\u0107 si\u0119 mo\u017cesz tym, kim chcesz Je\u015bli nam podarujesz [&#8230;]<\/p>\n","protected":false},"author":1,"featured_media":2041,"parent":1958,"menu_order":0,"comment_status":"closed","ping_status":"open","template":"","meta":{"ngg_post_thumbnail":0,"spay_email":""},"_links":{"self":[{"href":"https:\/\/www.wierszowisko.com\/index.php?rest_route=\/wp\/v2\/pages\/1908"}],"collection":[{"href":"https:\/\/www.wierszowisko.com\/index.php?rest_route=\/wp\/v2\/pages"}],"about":[{"href":"https:\/\/www.wierszowisko.com\/index.php?rest_route=\/wp\/v2\/types\/page"}],"author":[{"embeddable":true,"href":"https:\/\/www.wierszowisko.com\/index.php?rest_route=\/wp\/v2\/users\/1"}],"replies":[{"embeddable":true,"href":"https:\/\/www.wierszowisko.com\/index.php?rest_route=%2Fwp%2Fv2%2Fcomments&post=1908"}],"version-history":[{"count":5,"href":"https:\/\/www.wierszowisko.com\/index.php?rest_route=\/wp\/v2\/pages\/1908\/revisions"}],"predecessor-version":[{"id":4178,"href":"https:\/\/www.wierszowisko.com\/index.php?rest_route=\/wp\/v2\/pages\/1908\/revisions\/4178"}],"up":[{"embeddable":true,"href":"https:\/\/www.wierszowisko.com\/index.php?rest_route=\/wp\/v2\/pages\/1958"}],"wp:featuredmedia":[{"embeddable":true,"href":"https:\/\/www.wierszowisko.com\/index.php?rest_route=\/wp\/v2\/media\/2041"}],"wp:attachment":[{"href":"https:\/\/www.wierszowisko.com\/index.php?rest_route=%2Fwp%2Fv2%2Fmedia&parent=1908"}],"curies":[{"name":"wp","href":"https:\/\/api.w.org\/{rel}","templated":true}]}}