{"id":1776,"date":"2014-03-10T10:24:02","date_gmt":"2014-03-10T10:24:02","guid":{"rendered":"http:\/\/www.wierszowisko.com\/?page_id=1776"},"modified":"2015-02-09T14:34:43","modified_gmt":"2015-02-09T14:34:43","slug":"wsparcie-z-polski","status":"publish","type":"page","link":"https:\/\/www.wierszowisko.com\/?page_id=1776","title":{"rendered":"Wsparcie z PL"},"content":{"rendered":"<p style=\"text-align: left;\"><a href=\"https:\/\/i0.wp.com\/www.wierszowisko.com\/wp-content\/uploads\/2014\/03\/BBD.png\"><img loading=\"lazy\" class=\"aligncenter\" src=\"https:\/\/i0.wp.com\/www.wierszowisko.com\/wp-content\/uploads\/2014\/03\/BBD-300x159.png?resize=300%2C159\" alt=\"BBD\" width=\"300\" height=\"159\" data-recalc-dims=\"1\" \/><\/a><em>Senator RP Barbara Borys<\/em>&#8211;<em>Dami\u0119cka &#8211; od lat zasiada w Jury Wierszowiska, nasz &#8220;Wielki Przyjaciel&#8221;<\/em><\/p>\n<p style=\"text-align: left;\">Biuro Senatorskie Barbary Borys- Dami\u0119ckiej<br \/>\n02-515 Warszawa, ul. Pu\u0142awska 3 lok. 3<br \/>\ntel. 22 856 53 90, fax 22 856 53 91<\/p>\n<p style=\"text-align: left;\"><a title=\"Barbara Borys Dami\u0119cka\" href=\"http:\/\/www.barbaraborysdamiecka.pl\/\" target=\"_blank\">www.barbaraborysdamiecka.pl<\/a><\/p>\n<p>&nbsp;<\/p>\n<p style=\"text-align: center;\">\u2666\u2666\u2666\u25ca\u2666\u2666\u2666<\/p>\n<p><a href=\"https:\/\/i0.wp.com\/www.wierszowisko.com\/wp-content\/uploads\/2014\/03\/PCN.png\"><img loading=\"lazy\" class=\"wp-image-1778 aligncenter\" src=\"https:\/\/i0.wp.com\/www.wierszowisko.com\/wp-content\/uploads\/2014\/03\/PCN-300x159.png?resize=300%2C159\" alt=\"PCN\" width=\"300\" height=\"159\" srcset=\"https:\/\/i0.wp.com\/www.wierszowisko.com\/wp-content\/uploads\/2014\/03\/PCN.png?resize=300%2C159&amp;ssl=1 300w, https:\/\/i0.wp.com\/www.wierszowisko.com\/wp-content\/uploads\/2014\/03\/PCN.png?w=452&amp;ssl=1 452w\" sizes=\"(max-width: 300px) 100vw, 300px\" data-recalc-dims=\"1\" \/><\/a><em>Polonijne Centrum Nauczycielskie w Lublinie, to dzi\u0119ki nim nasi nauczyciele s\u0105 szkoleni i maj\u0105 warsztat do przygotowywania dzieci na scenie.<\/em><\/p>\n<p><a title=\"PCN Lublin\" href=\"http:\/\/www.pcn.lublin.pl\/\" target=\"_blank\">\u00a0www.pcn.lublin.pl<\/a><\/p>\n<p style=\"text-align: center;\">\u2666\u2666\u2666\u25ca\u2666\u2666\u2666<\/p>\n<p><a href=\"https:\/\/i0.wp.com\/www.wierszowisko.com\/wp-content\/uploads\/2014\/03\/Ambasada.png\"><img loading=\"lazy\" class=\"size-medium wp-image-1780 aligncenter\" src=\"https:\/\/i0.wp.com\/www.wierszowisko.com\/wp-content\/uploads\/2014\/03\/Ambasada-300x159.png?resize=300%2C159\" alt=\"Ambasada\" width=\"300\" height=\"159\" srcset=\"https:\/\/i0.wp.com\/www.wierszowisko.com\/wp-content\/uploads\/2014\/03\/Ambasada.png?resize=300%2C159&amp;ssl=1 300w, https:\/\/i0.wp.com\/www.wierszowisko.com\/wp-content\/uploads\/2014\/03\/Ambasada.png?w=452&amp;ssl=1 452w\" sizes=\"(max-width: 300px) 100vw, 300px\" data-recalc-dims=\"1\" \/><\/a><em>Ambasada Rzeczypospolitej Polskiej w Hadze od lat wspiera nasze Wierszowisko a przedstawiciele s\u0105 obecni i zasiadaj\u0105 w sk\u0142ad JURY.<\/em><\/p>\n<p><a title=\"Ambasada RP w Hadze\" href=\"http:\/\/www.haga.msz.gov.pl\/pl\/\" target=\"_blank\">www.haga.msz.gov.pl<\/a><\/p>\n<p style=\"text-align: center;\">\u2666\u2666\u2666\u25ca\u2666\u2666\u2666<\/p>\n<p><a href=\"https:\/\/i0.wp.com\/www.wierszowisko.com\/wp-content\/uploads\/2014\/03\/senat.jpg\"><img loading=\"lazy\" class=\"size-medium wp-image-1781 aligncenter\" src=\"https:\/\/i0.wp.com\/www.wierszowisko.com\/wp-content\/uploads\/2014\/03\/senat-210x300.jpg?resize=210%2C300\" alt=\"senat\" width=\"210\" height=\"300\" srcset=\"https:\/\/i0.wp.com\/www.wierszowisko.com\/wp-content\/uploads\/2014\/03\/senat.jpg?resize=210%2C300&amp;ssl=1 210w, https:\/\/i0.wp.com\/www.wierszowisko.com\/wp-content\/uploads\/2014\/03\/senat.jpg?resize=719%2C1024&amp;ssl=1 719w, https:\/\/i0.wp.com\/www.wierszowisko.com\/wp-content\/uploads\/2014\/03\/senat.jpg?w=827&amp;ssl=1 827w\" sizes=\"(max-width: 210px) 100vw, 210px\" data-recalc-dims=\"1\" \/><\/a><\/p>\n<p><em>Senat Rzeczypospolitej Polskiej od kilku lat dzielnie nas Wspiera i pomaga nag\u0142a\u015bnia\u0107 nasz\u0105 dzia\u0142alno\u015b\u0107.<\/em><\/p>\n<p style=\"text-align: center;\">\u2666\u2666\u2666\u25ca\u2666\u2666\u2666<\/p>\n<p style=\"text-align: center;\"><a href=\"https:\/\/i0.wp.com\/www.wierszowisko.com\/wp-content\/uploads\/2014\/03\/Cafeszafe.png\"><img loading=\"lazy\" class=\"alignnone size-medium wp-image-1785\" src=\"https:\/\/i0.wp.com\/www.wierszowisko.com\/wp-content\/uploads\/2014\/03\/Cafeszafe-300x115.png?resize=300%2C115\" alt=\"Cafeszafe\" width=\"300\" height=\"115\" srcset=\"https:\/\/i0.wp.com\/www.wierszowisko.com\/wp-content\/uploads\/2014\/03\/Cafeszafe.png?resize=300%2C115&amp;ssl=1 300w, https:\/\/i0.wp.com\/www.wierszowisko.com\/wp-content\/uploads\/2014\/03\/Cafeszafe.png?w=1014&amp;ssl=1 1014w\" sizes=\"(max-width: 300px) 100vw, 300px\" data-recalc-dims=\"1\" \/><\/a><\/p>\n<p style=\"text-align: left;\"><em>Tw\u00f3rcy i bywalcy Cafe Szafe to \u0141ukasz D\u0119bski i Anna Kaszuba-D\u0119bska, jedni z pierwszych go\u015bci na Wierszowisku z Polski. Wiersze \u0141ukasza cz\u0119sto recytowane s\u0105 przez dzieci na scenie a S\u0142oneczko stworzone przez Ani\u0119 jest naszym logiem.<\/em><\/p>\n<p style=\"text-align: left;\"><a title=\"Cafe Szafe\" href=\"http:\/\/www.cafeszafe.com\" target=\"_blank\">www.cafeszafe.com<\/a><\/p>\n","protected":false},"excerpt":{"rendered":"<p style=\"text-align: left;\">Senator RP Barbara Borys&#8211;Dami\u0119cka &#8211; od lat zasiada w Jury Wierszowiska, nasz &#8220;Wielki Przyjaciel&#8221;<\/p>\n<p style=\"text-align: left;\">Biuro Senatorskie Barbary Borys- Dami\u0119ckiej 02-515 Warszawa, ul. Pu\u0142awska 3 lok. 3 tel. 22 856 53 90, fax 22 856 53 91<\/p>\n<p style=\"text-align: left;\">www.barbaraborysdamiecka.pl<\/p>\n<p>&nbsp;<\/p>\n<p style=\"text-align: center;\">\u2666\u2666\u2666\u25ca\u2666\u2666\u2666<\/p>\n<p>Polonijne Centrum Nauczycielskie w Lublinie, to dzi\u0119ki nim [&#8230;]<\/p>\n","protected":false},"author":1,"featured_media":1820,"parent":1958,"menu_order":2,"comment_status":"closed","ping_status":"closed","template":"","meta":{"ngg_post_thumbnail":0,"spay_email":""},"_links":{"self":[{"href":"https:\/\/www.wierszowisko.com\/index.php?rest_route=\/wp\/v2\/pages\/1776"}],"collection":[{"href":"https:\/\/www.wierszowisko.com\/index.php?rest_route=\/wp\/v2\/pages"}],"about":[{"href":"https:\/\/www.wierszowisko.com\/index.php?rest_route=\/wp\/v2\/types\/page"}],"author":[{"embeddable":true,"href":"https:\/\/www.wierszowisko.com\/index.php?rest_route=\/wp\/v2\/users\/1"}],"replies":[{"embeddable":true,"href":"https:\/\/www.wierszowisko.com\/index.php?rest_route=%2Fwp%2Fv2%2Fcomments&post=1776"}],"version-history":[{"count":10,"href":"https:\/\/www.wierszowisko.com\/index.php?rest_route=\/wp\/v2\/pages\/1776\/revisions"}],"predecessor-version":[{"id":2398,"href":"https:\/\/www.wierszowisko.com\/index.php?rest_route=\/wp\/v2\/pages\/1776\/revisions\/2398"}],"up":[{"embeddable":true,"href":"https:\/\/www.wierszowisko.com\/index.php?rest_route=\/wp\/v2\/pages\/1958"}],"wp:featuredmedia":[{"embeddable":true,"href":"https:\/\/www.wierszowisko.com\/index.php?rest_route=\/wp\/v2\/media\/1820"}],"wp:attachment":[{"href":"https:\/\/www.wierszowisko.com\/index.php?rest_route=%2Fwp%2Fv2%2Fmedia&parent=1776"}],"curies":[{"name":"wp","href":"https:\/\/api.w.org\/{rel}","templated":true}]}}