{"id":1705,"date":"2014-03-10T08:19:58","date_gmt":"2014-03-10T08:19:58","guid":{"rendered":"http:\/\/www.wierszowisko.com\/?page_id=1705"},"modified":"2023-01-18T20:43:47","modified_gmt":"2023-01-18T20:43:47","slug":"kontakt","status":"publish","type":"page","link":"https:\/\/www.wierszowisko.com\/?page_id=1705","title":{"rendered":"Kontakt"},"content":{"rendered":"<p>Organizacj\u0105 Wierszowiska koordynuje zarz\u0105d <a href=\"http:\/\/www.fpsn.nl\/pl\/zarzad\" target=\"_blank\" rel=\"noopener noreferrer\">Forum Polskich Szk\u00f3\u0142 w Holandii<\/a>.<\/p>\n<p>Kontakt: <a href=\"mailto:info@wierszowisko.com\">info@wierszowisko.com<\/a><\/p>\n<p>Darczy\u0144cy, sponsorzy i patronaty: <a href=\"mailto:reklama@wierszowisko.com\">reklama@wierszowisko.com<\/a><\/p>\n<p><span style=\"text-decoration: underline;\"><strong>Adres Teatru w Wijchen<\/strong><\/span><\/p>\n<p>Theater &#8216;t Moza\u00efek<br>Campuslaan 6<br>6602 HX Wijchen<br><a href=\"http:\/\/www.mozaiekwijchen.nl\/\" target=\"_blank\" rel=\"noopener noreferrer\">www.mozaiekwijchen.nl<\/a><\/p>\n\n\n<figure class=\"wp-block-image size-large\"><img loading=\"lazy\" width=\"640\" height=\"905\" src=\"https:\/\/i0.wp.com\/www.wierszowisko.com\/wp-content\/uploads\/24_plakat.png?resize=640%2C905&#038;ssl=1\" alt=\"Plakat Wierszowisko 2023\" class=\"wp-image-4356\" srcset=\"https:\/\/i0.wp.com\/www.wierszowisko.com\/wp-content\/uploads\/24_plakat.png?resize=724%2C1024&amp;ssl=1 724w, https:\/\/i0.wp.com\/www.wierszowisko.com\/wp-content\/uploads\/24_plakat.png?resize=212%2C300&amp;ssl=1 212w, https:\/\/i0.wp.com\/www.wierszowisko.com\/wp-content\/uploads\/24_plakat.png?resize=768%2C1086&amp;ssl=1 768w, https:\/\/i0.wp.com\/www.wierszowisko.com\/wp-content\/uploads\/24_plakat.png?resize=1086%2C1536&amp;ssl=1 1086w, https:\/\/i0.wp.com\/www.wierszowisko.com\/wp-content\/uploads\/24_plakat.png?resize=1448%2C2048&amp;ssl=1 1448w, https:\/\/i0.wp.com\/www.wierszowisko.com\/wp-content\/uploads\/24_plakat.png?resize=106%2C150&amp;ssl=1 106w, https:\/\/i0.wp.com\/www.wierszowisko.com\/wp-content\/uploads\/24_plakat.png?resize=400%2C566&amp;ssl=1 400w, https:\/\/i0.wp.com\/www.wierszowisko.com\/wp-content\/uploads\/24_plakat.png?w=1280&amp;ssl=1 1280w, https:\/\/i0.wp.com\/www.wierszowisko.com\/wp-content\/uploads\/24_plakat.png?w=1920&amp;ssl=1 1920w\" sizes=\"(max-width: 640px) 100vw, 640px\" data-recalc-dims=\"1\" \/><\/figure>\n","protected":false},"excerpt":{"rendered":"<p>Organizacj\u0105 Wierszowiska koordynuje zarz\u0105d Forum Polskich Szk\u00f3\u0142 w Holandii.<\/p>\n<p>Kontakt: info@wierszowisko.com<\/p>\n<p>Darczy\u0144cy, sponsorzy i patronaty: reklama@wierszowisko.com<\/p>\n<p>Adres Teatru w Wijchen<\/p>\n<p>Theater &#8216;t Moza\u00efekCampuslaan 66602 HX Wijchenwww.mozaiekwijchen.nl<\/p>\n","protected":false},"author":1,"featured_media":0,"parent":0,"menu_order":5,"comment_status":"closed","ping_status":"closed","template":"","meta":{"ngg_post_thumbnail":0,"spay_email":""},"_links":{"self":[{"href":"https:\/\/www.wierszowisko.com\/index.php?rest_route=\/wp\/v2\/pages\/1705"}],"collection":[{"href":"https:\/\/www.wierszowisko.com\/index.php?rest_route=\/wp\/v2\/pages"}],"about":[{"href":"https:\/\/www.wierszowisko.com\/index.php?rest_route=\/wp\/v2\/types\/page"}],"author":[{"embeddable":true,"href":"https:\/\/www.wierszowisko.com\/index.php?rest_route=\/wp\/v2\/users\/1"}],"replies":[{"embeddable":true,"href":"https:\/\/www.wierszowisko.com\/index.php?rest_route=%2Fwp%2Fv2%2Fcomments&post=1705"}],"version-history":[{"count":29,"href":"https:\/\/www.wierszowisko.com\/index.php?rest_route=\/wp\/v2\/pages\/1705\/revisions"}],"predecessor-version":[{"id":4382,"href":"https:\/\/www.wierszowisko.com\/index.php?rest_route=\/wp\/v2\/pages\/1705\/revisions\/4382"}],"wp:attachment":[{"href":"https:\/\/www.wierszowisko.com\/index.php?rest_route=%2Fwp%2Fv2%2Fmedia&parent=1705"}],"curies":[{"name":"wp","href":"https:\/\/api.w.org\/{rel}","templated":true}]}}