{"id":107,"date":"2014-03-08T18:31:34","date_gmt":"2014-03-08T18:31:34","guid":{"rendered":"http:\/\/www.wierszowisko.com\/?page_id=107"},"modified":"2024-03-15T09:27:12","modified_gmt":"2024-03-15T09:27:12","slug":"poprzednie-lata","status":"publish","type":"page","link":"https:\/\/www.wierszowisko.com\/?page_id=107","title":{"rendered":"Archiwum"},"content":{"rendered":"<p>Wierszowisko w Holandii istnieje od 2000 roku. W poszczeg\u00f3lnych zak\u0142adkach mo\u017cna przeczyta\u0107 informacje i obejrze\u0107 relacje fotograficzne i filmowe, kt\u00f3re zgromadzili\u015bmy przez lata.<\/p>\n","protected":false},"excerpt":{"rendered":"<p>Wierszowisko w Holandii istnieje od 2000 roku. W poszczeg\u00f3lnych zak\u0142adkach mo\u017cna przeczyta\u0107 informacje i obejrze\u0107 relacje fotograficzne i filmowe, kt\u00f3re zgromadzili\u015bmy przez lata.<\/p>\n","protected":false},"author":1,"featured_media":1721,"parent":0,"menu_order":4,"comment_status":"closed","ping_status":"closed","template":"","meta":{"ngg_post_thumbnail":0,"spay_email":""},"_links":{"self":[{"href":"https:\/\/www.wierszowisko.com\/index.php?rest_route=\/wp\/v2\/pages\/107"}],"collection":[{"href":"https:\/\/www.wierszowisko.com\/index.php?rest_route=\/wp\/v2\/pages"}],"about":[{"href":"https:\/\/www.wierszowisko.com\/index.php?rest_route=\/wp\/v2\/types\/page"}],"author":[{"embeddable":true,"href":"https:\/\/www.wierszowisko.com\/index.php?rest_route=\/wp\/v2\/users\/1"}],"replies":[{"embeddable":true,"href":"https:\/\/www.wierszowisko.com\/index.php?rest_route=%2Fwp%2Fv2%2Fcomments&post=107"}],"version-history":[{"count":19,"href":"https:\/\/www.wierszowisko.com\/index.php?rest_route=\/wp\/v2\/pages\/107\/revisions"}],"predecessor-version":[{"id":4734,"href":"https:\/\/www.wierszowisko.com\/index.php?rest_route=\/wp\/v2\/pages\/107\/revisions\/4734"}],"wp:featuredmedia":[{"embeddable":true,"href":"https:\/\/www.wierszowisko.com\/index.php?rest_route=\/wp\/v2\/media\/1721"}],"wp:attachment":[{"href":"https:\/\/www.wierszowisko.com\/index.php?rest_route=%2Fwp%2Fv2%2Fmedia&parent=107"}],"curies":[{"name":"wp","href":"https:\/\/api.w.org\/{rel}","templated":true}]}}